{"id":275,"date":"2024-12-27T08:46:15","date_gmt":"2024-12-27T06:46:15","guid":{"rendered":"https:\/\/jurnalism.hyperion.ro\/?page_id=275"},"modified":"2026-01-02T12:57:32","modified_gmt":"2026-01-02T10:57:32","slug":"acasa","status":"publish","type":"page","link":"https:\/\/jurnalism.hyperion.ro\/","title":{"rendered":"Despre noi"},"content":{"rendered":"<p style=\"text-align: justify;\">Conform vechii titulaturi, Facultatea de Jurnalism este una din cele 11 facult\u0103\u0163i de profil, \u00eenfiin\u0163at\u0103 ini\u0163ial cu titulatura Filologie-Ziaristic\u0103. Dup\u0103 acreditare, \u00een 2003, ca facultate independent\u0103, misiunea \u015fi obiectivele strategice ale Facult\u0103\u0163ii de Jurnalism s-au adaptat cerin\u0163elor unei preg\u0103tiri de profil jurnalistic modern, conform\u00a0 schimb\u0103rilor \u00eenregistrate \u00een presa rom\u00e2neasc\u0103, de dup\u0103 1990.<\/p>\n<p><img loading=\"lazy\" decoding=\"async\" class=\"alignnone size-large wp-image-833\" src=\"https:\/\/jurnalism.hyperion.ro\/wp-content\/uploads\/2025\/12\/559116103_1292321369606184_6329954721336098995_n-1024x768.jpg\" alt=\"\" width=\"847\" height=\"635\" srcset=\"https:\/\/jurnalism.hyperion.ro\/wp-content\/uploads\/2025\/12\/559116103_1292321369606184_6329954721336098995_n-1024x768.jpg 1024w, https:\/\/jurnalism.hyperion.ro\/wp-content\/uploads\/2025\/12\/559116103_1292321369606184_6329954721336098995_n-300x225.jpg 300w, https:\/\/jurnalism.hyperion.ro\/wp-content\/uploads\/2025\/12\/559116103_1292321369606184_6329954721336098995_n-768x576.jpg 768w, https:\/\/jurnalism.hyperion.ro\/wp-content\/uploads\/2025\/12\/559116103_1292321369606184_6329954721336098995_n-1536x1152.jpg 1536w, https:\/\/jurnalism.hyperion.ro\/wp-content\/uploads\/2025\/12\/559116103_1292321369606184_6329954721336098995_n-360x270.jpg 360w, https:\/\/jurnalism.hyperion.ro\/wp-content\/uploads\/2025\/12\/559116103_1292321369606184_6329954721336098995_n.jpg 2048w\" sizes=\"auto, (max-width: 847px) 100vw, 847px\" \/><\/p>\n<p>\u00a0<\/p>\n<p style=\"text-align: justify;\">Din anul 2005, Facultatea de Jurnalism a adoptat Programul de studii de tip Bologna. Studen\u0163ii beneficiaz\u0103 de o\u00a0baz\u0103 material\u0103, tehnologic\u0103 \u015fi didactic\u0103, adaptat\u0103 standardelor \u015fi performan\u0163elor jurnalismului actual.<\/p>\n<p style=\"text-align: justify;\"><img loading=\"lazy\" decoding=\"async\" class=\"alignnone wp-image-837 size-large\" src=\"https:\/\/jurnalism.hyperion.ro\/wp-content\/uploads\/2025\/12\/492412713_3569089580061251_796044012057830760_n-1024x461.jpg\" alt=\"\" width=\"847\" height=\"381\" srcset=\"https:\/\/jurnalism.hyperion.ro\/wp-content\/uploads\/2025\/12\/492412713_3569089580061251_796044012057830760_n-1024x461.jpg 1024w, https:\/\/jurnalism.hyperion.ro\/wp-content\/uploads\/2025\/12\/492412713_3569089580061251_796044012057830760_n-300x135.jpg 300w, https:\/\/jurnalism.hyperion.ro\/wp-content\/uploads\/2025\/12\/492412713_3569089580061251_796044012057830760_n-768x346.jpg 768w, https:\/\/jurnalism.hyperion.ro\/wp-content\/uploads\/2025\/12\/492412713_3569089580061251_796044012057830760_n-1536x692.jpg 1536w, https:\/\/jurnalism.hyperion.ro\/wp-content\/uploads\/2025\/12\/492412713_3569089580061251_796044012057830760_n-360x162.jpg 360w, https:\/\/jurnalism.hyperion.ro\/wp-content\/uploads\/2025\/12\/492412713_3569089580061251_796044012057830760_n.jpg 2048w\" sizes=\"auto, (max-width: 847px) 100vw, 847px\" \/> Viitorii jurnali\u015fti lucreaz\u0103 pe baza unor cuno\u0219tin\u021be teoretice moderne. Activitatea \u015ftiin\u0163ific\u0103 din cadrul facult\u0103\u0163ii cuprinde o serie de manifest\u0103ri sub forma sesiunilor de comunic\u0103ri, destinate at\u00e2t profesorilor c\u00e2t \u015fi studen\u0163ilor. Anual, cu sprijinul conducerii Universit\u0103\u0163ii Hyperion, toate materialele prezentate sunt editate \u015fi tip\u0103rite, sub forma Analelor Hyperion. Fiecare volum de lucr\u0103ri cuprinde texte acceptate de c\u0103tre un Comitet Tehnic de avizare, este editat de c\u0103tre un Comitet Editorial propriu, este publicat \u015fi \u00een limbile englez\u0103\/francez\u0103 \u015fi beneficiaz\u0103 de cota\u0163ie ISSN.<\/p>\n<p><img loading=\"lazy\" decoding=\"async\" class=\"alignnone size-large wp-image-839\" src=\"https:\/\/jurnalism.hyperion.ro\/wp-content\/uploads\/2025\/12\/490757958_1231568758973803_9069568749787572493_n-1024x683.jpg\" alt=\"\" width=\"847\" height=\"565\" srcset=\"https:\/\/jurnalism.hyperion.ro\/wp-content\/uploads\/2025\/12\/490757958_1231568758973803_9069568749787572493_n-1024x683.jpg 1024w, https:\/\/jurnalism.hyperion.ro\/wp-content\/uploads\/2025\/12\/490757958_1231568758973803_9069568749787572493_n-300x200.jpg 300w, https:\/\/jurnalism.hyperion.ro\/wp-content\/uploads\/2025\/12\/490757958_1231568758973803_9069568749787572493_n-768x512.jpg 768w, https:\/\/jurnalism.hyperion.ro\/wp-content\/uploads\/2025\/12\/490757958_1231568758973803_9069568749787572493_n-1536x1024.jpg 1536w, https:\/\/jurnalism.hyperion.ro\/wp-content\/uploads\/2025\/12\/490757958_1231568758973803_9069568749787572493_n-360x240.jpg 360w, https:\/\/jurnalism.hyperion.ro\/wp-content\/uploads\/2025\/12\/490757958_1231568758973803_9069568749787572493_n.jpg 2048w\" sizes=\"auto, (max-width: 847px) 100vw, 847px\" \/><\/p>\n<p style=\"text-align: justify;\">Cu un profil complex \u015fi complet caracteristic \u00een jurnalism, facultatea \u015fi-a propus \u015fi a realizat, prin promo\u0163iile care au absolvit-o, s\u0103 ofere pie\u0163ei jurnali\u015fti ap\u0163i s\u0103 activeze \u00een presa scris\u0103, \u00een radio \u015fi \u00een televiziune dar \u015fi \u00een domeniile conexe jurnalismului, cum ar fi rela\u0163iile publice \u015fi publicitatea, presa\u00a0\u00a0on-line \u015fi \u00een probleme de management redac\u0163ional. \u00a0 Temeinica preg\u0103tire de specialitate asigurat\u0103 deriv\u0103 \u015fi din procentul de peste 95% al absolven\u0163ilor care au promovat examenele de licen\u0163\u0103.<\/p>\n<p><img loading=\"lazy\" decoding=\"async\" class=\"size-large wp-image-81 aligncenter\" src=\"https:\/\/jurnalism.hyperion.ro\/wp-content\/uploads\/2024\/12\/347388242_746206460843371_8586668596221100472_n-1024x683.jpg\" alt=\"\" width=\"640\" height=\"427\" srcset=\"https:\/\/jurnalism.hyperion.ro\/wp-content\/uploads\/2024\/12\/347388242_746206460843371_8586668596221100472_n-1024x683.jpg 1024w, https:\/\/jurnalism.hyperion.ro\/wp-content\/uploads\/2024\/12\/347388242_746206460843371_8586668596221100472_n-300x200.jpg 300w, https:\/\/jurnalism.hyperion.ro\/wp-content\/uploads\/2024\/12\/347388242_746206460843371_8586668596221100472_n-768x512.jpg 768w, https:\/\/jurnalism.hyperion.ro\/wp-content\/uploads\/2024\/12\/347388242_746206460843371_8586668596221100472_n-1536x1024.jpg 1536w, https:\/\/jurnalism.hyperion.ro\/wp-content\/uploads\/2024\/12\/347388242_746206460843371_8586668596221100472_n.jpg 2048w\" sizes=\"auto, (max-width: 640px) 100vw, 640px\" \/><\/p>\n<p style=\"text-align: justify;\">Merit\u0103 amintit faptul c\u0103, de pild\u0103, la TVR sunt \u00eencadra\u0163i peste 120 de profesioni\u015fti, redactori, reporteri, operatori \u015fi directori de imagine, unii cu importante func\u0163ii de conducere, care au absolvit facult\u0103\u0163ile de profil de la <a href=\"https:\/\/hyperion.ro\/\" target=\"_blank\" rel=\"noopener\">Universitatea Hyperion<\/a>.<\/p>\n","protected":false},"excerpt":{"rendered":"<p>Conform vechii titulaturi, Facultatea de Jurnalism este una din cele 11 facult\u0103\u0163i de profil, \u00eenfiin\u0163at\u0103 ini\u0163ial cu titulatura Filologie-Ziaristic\u0103. Dup\u0103 acreditare, \u00een 2003, ca facultate independent\u0103, misiunea \u015fi obiectivele strategice ale Facult\u0103\u0163ii de Jurnalism s-au adaptat cerin\u0163elor unei preg\u0103tiri de profil jurnalistic modern, conform\u00a0 schimb\u0103rilor \u00eenregistrate \u00een presa rom\u00e2neasc\u0103, de dup\u0103 1990. \u00a0 Din anul [&hellip;]<\/p>\n","protected":false},"author":1,"featured_media":0,"parent":0,"menu_order":0,"comment_status":"closed","ping_status":"closed","template":"","meta":{"footnotes":""},"class_list":["post-275","page","type-page","status-publish","hentry"],"_links":{"self":[{"href":"https:\/\/jurnalism.hyperion.ro\/index.php?rest_route=\/wp\/v2\/pages\/275","targetHints":{"allow":["GET"]}}],"collection":[{"href":"https:\/\/jurnalism.hyperion.ro\/index.php?rest_route=\/wp\/v2\/pages"}],"about":[{"href":"https:\/\/jurnalism.hyperion.ro\/index.php?rest_route=\/wp\/v2\/types\/page"}],"author":[{"embeddable":true,"href":"https:\/\/jurnalism.hyperion.ro\/index.php?rest_route=\/wp\/v2\/users\/1"}],"replies":[{"embeddable":true,"href":"https:\/\/jurnalism.hyperion.ro\/index.php?rest_route=%2Fwp%2Fv2%2Fcomments&post=275"}],"version-history":[{"count":0,"href":"https:\/\/jurnalism.hyperion.ro\/index.php?rest_route=\/wp\/v2\/pages\/275\/revisions"}],"wp:attachment":[{"href":"https:\/\/jurnalism.hyperion.ro\/index.php?rest_route=%2Fwp%2Fv2%2Fmedia&parent=275"}],"curies":[{"name":"wp","href":"https:\/\/api.w.org\/{rel}","templated":true}]}}